{"id":8937,"date":"2023-10-09T23:15:59","date_gmt":"2023-10-10T02:15:59","guid":{"rendered":"https:\/\/gabyvalenzuela.cl\/upgrades\/apl\/?page_id=8937"},"modified":"2026-03-23T22:23:32","modified_gmt":"2026-03-24T01:23:32","slug":"capacitaciones-en-sostenibilidad","status":"publish","type":"page","link":"https:\/\/asipla.cl\/capacitaciones\/capacitaciones-en-sostenibilidad\/","title":{"rendered":"Capacitaciones en Sostenibilidad"},"content":{"rendered":"<section class=\"l-section wpb_row height_auto\"><div class=\"l-section-h i-cf\"><div class=\"g-cols vc_row via_grid cols_1 laptops-cols_inherit tablets-cols_inherit mobiles-cols_1 valign_top type_default stacking_default\"><div class=\"wpb_column vc_column_container\"><div class=\"vc_column-inner\"><div class=\"w-image align_none\"><div class=\"w-image-h\"><img loading=\"lazy\" decoding=\"async\" width=\"1210\" height=\"378\" src=\"https:\/\/asipla.cl\/capacitaciones\/wp-content\/uploads\/2025\/10\/sostenibilidad.jpg\" class=\"attachment-full size-full\" alt=\"\" srcset=\"https:\/\/asipla.cl\/capacitaciones\/wp-content\/uploads\/2025\/10\/sostenibilidad.jpg 1210w, https:\/\/asipla.cl\/capacitaciones\/wp-content\/uploads\/2025\/10\/sostenibilidad-300x94.jpg 300w, https:\/\/asipla.cl\/capacitaciones\/wp-content\/uploads\/2025\/10\/sostenibilidad-1024x320.jpg 1024w\" sizes=\"auto, (max-width: 1210px) 100vw, 1210px\" \/><\/div><\/div><\/div><\/div><\/div><\/div><\/section><section class=\"l-section wpb_row height_auto\"><div class=\"l-section-h i-cf\"><div class=\"g-cols vc_row via_grid cols_1 laptops-cols_inherit tablets-cols_inherit mobiles-cols_1 valign_top type_default stacking_default\"><div class=\"wpb_column vc_column_container\"><div class=\"vc_column-inner\"><div class=\"w-separator size_medium\"><\/div><h1 class=\"w-text us_custom_63998ec6 has_text_color\"><span class=\"w-text-h\"><span class=\"w-text-value\">Capacitaciones en Sostenibilidad<\/span><\/span><\/h1><div class=\"wpb_text_column\"><div class=\"wpb_wrapper\"><p>En esta secci\u00f3n se encuentran capacitaciones que abarcan ESG, temas ambientales espec\u00edficos como huella de carbono y cambio clim\u00e1tico, sostenibilidad aplicada a la industria del pl\u00e1stico, entre otros. Las ofertas tienen precios preferenciales para los socios de ASIPLA, donde los descuentos son variables en cada caso.<\/p>\n<\/div><\/div><div class=\"w-separator size_small\"><\/div><div class=\"w-grid hide_on_default hide_on_laptops hide_on_tablets hide_on_mobiles type_grid layout_8901 hidden cols_4 valign_center\" id=\"us_grid_1\" style=\"--gap:1.5rem;\" data-filterable=\"true\"><style>@media (max-width:1199px){#us_grid_1 .w-grid-item{width:33.3333%}}@media (max-width:1024px){#us_grid_1 .w-grid-item{width:50%}}@media (max-width:600px){#us_grid_1 .w-grid-list{margin:0}#us_grid_1 .w-grid-item{width:100%;padding:0;margin-bottom:var(--gap,0px)}}.layout_8901 .w-grid-item-h{}.layout_8901 .usg_image_1{text-align:center!important}<\/style><div class=\"w-grid-list\"><\/div><div class=\"w-grid-preloader\"><div class=\"g-preloader type_1\">\r\n\t<div><\/div>\r\n<\/div>\r\n<\/div>\t<div class=\"w-grid-json hidden\" onclick='return {&quot;action&quot;:&quot;us_ajax_grid&quot;,&quot;ajax_url&quot;:&quot;https:\\\/\\\/asipla.cl\\\/capacitaciones\\\/wp-admin\\\/admin-ajax.php&quot;,&quot;infinite_scroll&quot;:0,&quot;max_num_pages&quot;:0,&quot;pagination&quot;:&quot;none&quot;,&quot;permalink_url&quot;:&quot;https:\\\/\\\/asipla.cl\\\/capacitaciones\\\/wp-json\\\/wp\\\/v2\\\/pages\\\/8937&quot;,&quot;template_vars&quot;:{&quot;columns&quot;:&quot;4&quot;,&quot;exclude_items&quot;:&quot;none&quot;,&quot;img_size&quot;:&quot;default&quot;,&quot;ignore_items_size&quot;:0,&quot;items_layout&quot;:&quot;8901&quot;,&quot;items_offset&quot;:&quot;1&quot;,&quot;load_animation&quot;:&quot;none&quot;,&quot;overriding_link&quot;:&quot;%7B%22url%22%3A%22%22%7D&quot;,&quot;post_id&quot;:0,&quot;query_args&quot;:{&quot;post_type&quot;:[&quot;attachment&quot;],&quot;post__in&quot;:[&quot;8931&quot;,&quot;8930&quot;,&quot;8933&quot;,&quot;8929&quot;,&quot;8940&quot;,&quot;8932&quot;],&quot;post_status&quot;:&quot;inherit&quot;,&quot;post_mime_type&quot;:&quot;image&quot;,&quot;posts_per_page&quot;:&quot;13&quot;},&quot;orderby_query_args&quot;:{&quot;orderby&quot;:{&quot;post__in&quot;:&quot;ASC&quot;},&quot;order&quot;:&quot;ASC&quot;},&quot;type&quot;:&quot;grid&quot;,&quot;us_grid_ajax_index&quot;:1,&quot;us_grid_filter_params&quot;:null,&quot;us_grid_index&quot;:1,&quot;_us_grid_post_type&quot;:&quot;attachment&quot;,&quot;page_args&quot;:[]}}'><\/div>\r\n\t<\/div><div class=\"w-grid-none hide_on_default hide_on_laptops hide_on_tablets hide_on_mobiles type_message\">No se encontraron resultados.<\/div><div class=\"g-cols wpb_row via_grid cols_4 laptops-cols_inherit tablets-cols_inherit mobiles-cols_1 valign_top type_default stacking_default\"><div class=\"wpb_column vc_column_container\"><div class=\"vc_column-inner\"><div class=\"w-image align_center\"><a href=\"\/capacitaciones\/academia-accion-empresas\/\" aria-label=\"Enlace\" class=\"w-image-h\"><img loading=\"lazy\" decoding=\"async\" width=\"268\" height=\"268\" src=\"https:\/\/asipla.cl\/capacitaciones\/wp-content\/uploads\/2025\/10\/academia-sostenibilidad-empresarial.png\" class=\"attachment-full size-full\" alt=\"\" srcset=\"https:\/\/asipla.cl\/capacitaciones\/wp-content\/uploads\/2025\/10\/academia-sostenibilidad-empresarial.png 268w, https:\/\/asipla.cl\/capacitaciones\/wp-content\/uploads\/2025\/10\/academia-sostenibilidad-empresarial-150x150.png 150w\" sizes=\"auto, (max-width: 268px) 100vw, 268px\" \/><\/a><\/div><div class=\"w-separator size_small\"><\/div><div class=\"wpb_text_column us_custom_c314e366\"><div class=\"wpb_wrapper\"><p><a href=\"\/capacitaciones\/academia-accion-empresas\/\">Academia Acci\u00f3n Empresas<\/a><\/p>\n<\/div><\/div><\/div><\/div><div class=\"wpb_column vc_column_container\"><div class=\"vc_column-inner\"><div class=\"w-image align_center\"><a href=\"https:\/\/asipla.cl\/capacitaciones\/ambidextro-2\/\" aria-label=\"Enlace\" class=\"w-image-h\"><img loading=\"lazy\" decoding=\"async\" width=\"268\" height=\"268\" src=\"https:\/\/asipla.cl\/capacitaciones\/wp-content\/uploads\/2025\/10\/ambidextro.png\" class=\"attachment-full size-full\" alt=\"\" srcset=\"https:\/\/asipla.cl\/capacitaciones\/wp-content\/uploads\/2025\/10\/ambidextro.png 268w, https:\/\/asipla.cl\/capacitaciones\/wp-content\/uploads\/2025\/10\/ambidextro-150x150.png 150w\" sizes=\"auto, (max-width: 268px) 100vw, 268px\" \/><\/a><\/div><div class=\"w-separator size_small\"><\/div><div class=\"wpb_text_column us_custom_c314e366\"><div class=\"wpb_wrapper\"><p><a href=\"https:\/\/asipla.cl\/capacitaciones\/ambidextro-2\/\">Ambidextro<\/a><\/p>\n<\/div><\/div><\/div><\/div><div class=\"wpb_column vc_column_container\"><div class=\"vc_column-inner\"><div class=\"w-image align_center\"><a href=\"https:\/\/asipla.cl\/capacitaciones\/eurecat-academy\/\" aria-label=\"Enlace\" class=\"w-image-h\"><img loading=\"lazy\" decoding=\"async\" width=\"268\" height=\"268\" src=\"https:\/\/asipla.cl\/capacitaciones\/wp-content\/uploads\/2025\/10\/eurecat.png\" class=\"attachment-full size-full\" alt=\"\" srcset=\"https:\/\/asipla.cl\/capacitaciones\/wp-content\/uploads\/2025\/10\/eurecat.png 268w, https:\/\/asipla.cl\/capacitaciones\/wp-content\/uploads\/2025\/10\/eurecat-150x150.png 150w\" sizes=\"auto, (max-width: 268px) 100vw, 268px\" \/><\/a><\/div><div class=\"w-separator size_small\"><\/div><div class=\"wpb_text_column us_custom_c314e366\"><div class=\"wpb_wrapper\"><p><a href=\"https:\/\/asipla.cl\/capacitaciones\/eurecat-academy\/\">Eurecat Academy<\/a><\/p>\n<\/div><\/div><\/div><\/div><div class=\"wpb_column vc_column_container\"><div class=\"vc_column-inner\"><div class=\"w-image align_center\"><a href=\"https:\/\/asipla.cl\/capacitaciones\/sustrategy-2\/\" aria-label=\"Enlace\" class=\"w-image-h\"><img loading=\"lazy\" decoding=\"async\" width=\"268\" height=\"268\" src=\"https:\/\/asipla.cl\/capacitaciones\/wp-content\/uploads\/2025\/10\/sustrategy.png\" class=\"attachment-full size-full\" alt=\"\" srcset=\"https:\/\/asipla.cl\/capacitaciones\/wp-content\/uploads\/2025\/10\/sustrategy.png 268w, https:\/\/asipla.cl\/capacitaciones\/wp-content\/uploads\/2025\/10\/sustrategy-150x150.png 150w\" sizes=\"auto, (max-width: 268px) 100vw, 268px\" \/><\/a><\/div><div class=\"w-separator size_small\"><\/div><div class=\"wpb_text_column us_custom_c314e366\"><div class=\"wpb_wrapper\"><p><a href=\"https:\/\/asipla.cl\/capacitaciones\/sustrategy-2\/\">suSTrategy<\/a><\/p>\n<\/div><\/div><\/div><\/div><\/div><div class=\"w-separator size_small\"><\/div><div class=\"g-cols wpb_row via_grid cols_4 laptops-cols_inherit tablets-cols_inherit mobiles-cols_1 valign_top type_default stacking_default\"><div class=\"wpb_column vc_column_container\"><div class=\"vc_column-inner\"><div class=\"w-image align_center\"><a href=\"https:\/\/asipla.cl\/capacitaciones\/walvius-partners-2\/\" aria-label=\"Enlace\" class=\"w-image-h\"><img loading=\"lazy\" decoding=\"async\" width=\"268\" height=\"268\" src=\"https:\/\/asipla.cl\/capacitaciones\/wp-content\/uploads\/2025\/10\/walvius-partners.png\" class=\"attachment-full size-full\" alt=\"\" srcset=\"https:\/\/asipla.cl\/capacitaciones\/wp-content\/uploads\/2025\/10\/walvius-partners.png 268w, https:\/\/asipla.cl\/capacitaciones\/wp-content\/uploads\/2025\/10\/walvius-partners-150x150.png 150w\" sizes=\"auto, (max-width: 268px) 100vw, 268px\" \/><\/a><\/div><div class=\"w-separator size_small\"><\/div><div class=\"wpb_text_column us_custom_c314e366\"><div class=\"wpb_wrapper\"><p><a href=\"https:\/\/asipla.cl\/capacitaciones\/walvius-partners-2\/\">Walvius Partners<\/a><\/p>\n<\/div><\/div><\/div><\/div><div class=\"wpb_column vc_column_container\"><div class=\"vc_column-inner\"><div class=\"w-image align_center\"><a href=\"https:\/\/asipla.cl\/capacitaciones\/aimplas-plastics-academy-2\/\" aria-label=\"Enlace\" class=\"w-image-h\"><img loading=\"lazy\" decoding=\"async\" width=\"260\" height=\"256\" src=\"https:\/\/asipla.cl\/capacitaciones\/wp-content\/uploads\/2026\/03\/aimplas-plastics-academy2.png\" class=\"attachment-full size-full\" alt=\"\" \/><\/a><\/div><div class=\"w-separator size_small\"><\/div><div class=\"wpb_text_column us_custom_c314e366\"><div class=\"wpb_wrapper\"><p><a href=\"https:\/\/asipla.cl\/capacitaciones\/aimplas-plastics-academy-2\/\">AIMPLAS Plastics Academy<\/a><\/p>\n<\/div><\/div><\/div><\/div><div class=\"wpb_column vc_column_container\"><div class=\"vc_column-inner\"><\/div><\/div><div class=\"wpb_column vc_column_container\"><div class=\"vc_column-inner\"><\/div><\/div><\/div><div class=\"w-separator size_medium\"><\/div><\/div><\/div><\/div><\/div><\/section><section class=\"l-section wpb_row height_auto\"><div class=\"l-section-h i-cf\"><div class=\"g-cols vc_row via_grid cols_1 laptops-cols_inherit tablets-cols_inherit mobiles-cols_1 valign_top type_default stacking_default\"><div class=\"wpb_column vc_column_container\"><div class=\"vc_column-inner\"><div class=\"w-btn-wrapper align_center\"><a class=\"w-btn us-btn-style_1\" href=\"https:\/\/asipla.cl\/capacitaciones\/\"><span class=\"w-btn-label\">Volver<\/span><\/a><\/div><div class=\"w-separator size_medium\"><\/div><\/div><\/div><\/div><\/div><\/section>\n","protected":false},"excerpt":{"rendered":"Capacitaciones en SostenibilidadEn esta secci\u00f3n se encuentran capacitaciones que abarcan ESG, temas ambientales espec\u00edficos como huella de carbono y cambio clim\u00e1tico, sostenibilidad aplicada a la industria del pl\u00e1stico, entre otros. Las ofertas tienen precios preferenciales para los socios de ASIPLA, donde los descuentos son variables en cada caso. No se encontraron resultados.Academia Acci\u00f3n Empresas Ambidextro...","protected":false},"author":1,"featured_media":0,"parent":0,"menu_order":0,"comment_status":"closed","ping_status":"closed","template":"","meta":{"footnotes":""},"class_list":["post-8937","page","type-page","status-publish","hentry"],"_links":{"self":[{"href":"https:\/\/asipla.cl\/capacitaciones\/wp-json\/wp\/v2\/pages\/8937","targetHints":{"allow":["GET"]}}],"collection":[{"href":"https:\/\/asipla.cl\/capacitaciones\/wp-json\/wp\/v2\/pages"}],"about":[{"href":"https:\/\/asipla.cl\/capacitaciones\/wp-json\/wp\/v2\/types\/page"}],"author":[{"embeddable":true,"href":"https:\/\/asipla.cl\/capacitaciones\/wp-json\/wp\/v2\/users\/1"}],"replies":[{"embeddable":true,"href":"https:\/\/asipla.cl\/capacitaciones\/wp-json\/wp\/v2\/comments?post=8937"}],"version-history":[{"count":32,"href":"https:\/\/asipla.cl\/capacitaciones\/wp-json\/wp\/v2\/pages\/8937\/revisions"}],"predecessor-version":[{"id":9283,"href":"https:\/\/asipla.cl\/capacitaciones\/wp-json\/wp\/v2\/pages\/8937\/revisions\/9283"}],"wp:attachment":[{"href":"https:\/\/asipla.cl\/capacitaciones\/wp-json\/wp\/v2\/media?parent=8937"}],"curies":[{"name":"wp","href":"https:\/\/api.w.org\/{rel}","templated":true}]}}